{"id":159,"date":"2024-06-10T17:27:16","date_gmt":"2024-06-10T17:27:16","guid":{"rendered":"https:\/\/www.thechallenge.hu\/?page_id=159"},"modified":"2025-05-18T22:53:34","modified_gmt":"2025-05-18T20:53:34","slug":"adattovabbitasi-nyilatkozat","status":"publish","type":"page","link":"https:\/\/www.thechallenge.hu\/en\/adattovabbitasi-nyilatkozat\/","title":{"rendered":"Privacy Policy"},"content":{"rendered":"\n<p>Tudom\u00e1sul veszem, hogy a The Challenge Game kft (9094 T\u00e1pszentmikl\u00f3s F\u0151 utca 38.) adatkezel\u0151 \u00e1ltal a www.thechallenge.hu felhaszn\u00e1l\u00f3i adatb\u00e1zis\u00e1ban t\u00e1rolt al\u00e1bbi szem\u00e9lyes adataim \u00e1tad\u00e1sra ker\u00fclnek az OTP Mobil Kft., mint adatfeldolgoz\u00f3 r\u00e9sz\u00e9re. Az adatkezel\u0151 \u00e1ltal tov\u00e1bb\u00edtott adatok k\u00f6re az al\u00e1bbi: email c\u00edm, vezet\u00e9kn\u00e9v, keresztn\u00e9v, orsz\u00e1g, ir\u00e1ny\u00edt\u00f3sz\u00e1m, v\u00e1ros, c\u00edm, megye, telefonsz\u00e1m.<\/p>\n\n\n\n<p><br>Az adatfeldolgoz\u00f3 \u00e1ltal v\u00e9gzett adatfeldolgoz\u00e1si tev\u00e9kenys\u00e9g jellege \u00e9s c\u00e9lja aSimplePay Adatkezel\u00e9si t\u00e1j\u00e9koztat\u00f3ban, az al\u00e1bbi linken tekinthet\u0151 meg:<br><a href=\"https:\/\/simplepay.hu\/adatkezelesi-tajekoztatok\/\">https:\/\/simplepay.hu\/adatkezelesi-tajekoztatok\/<\/a><\/p>\n\n\n\n<p><strong>Adatv\u00e9delmi T\u00e1j\u00e9koztat\u00f3 \u2013 H\u00edrlev\u00e9l Feliratkoz\u00f3k R\u00e9sz\u00e9re<\/strong><\/p>\n\n\n\n<ol class=\"wp-block-list\">\n<li><strong>Az Adatkezel\u0151<\/strong><br>A h\u00edrlev\u00e9l feliratkoz\u00e1ssal kapcsolatban kezelt szem\u00e9lyes adatok adatkezel\u0151je:<br>The Challenge Game Kft.<br>C\u00e9g jegyz\u00e9k sz.: 08-09-036175<br>Ad\u00f3sz\u00e1m: 32391404-2-08<br>info@thechallenge.hu<\/li>\n\n\n\n<li><strong>A Kezelt Szem\u00e9lyes Adatok<\/strong><br>A h\u00edrlev\u00e9lre t\u00f6rt\u00e9n\u0151 feliratkoz\u00e1s sor\u00e1n az al\u00e1bbi szem\u00e9lyes adatokat kezelj\u00fck:<\/li>\n<\/ol>\n\n\n\n<ul class=\"wp-block-list\">\n<li>Az \u00d6n \u00e1ltal megadott e-mail c\u00edm.<\/li>\n\n\n\n<li>Az \u00d6n \u00e1ltal megadott n\u00e9v.<\/li>\n\n\n\n<li>A feliratkoz\u00e1s id\u0151pontja \u00e9s IP-c\u00edme (biztons\u00e1gi okokb\u00f3l \u00e9s a hozz\u00e1j\u00e1rul\u00e1s<br>bizony\u00edt\u00e1s\u00e1ra).<\/li>\n<\/ul>\n\n\n\n<ol class=\"wp-block-list\">\n<li><strong>Az Adatkezel\u00e9s C\u00e9lja \u00e9s Jogalapja<\/strong><br>Az adatkezel\u00e9s c\u00e9lja, hogy az \u00d6n \u00e1ltal megadott e-mail c\u00edmre h\u00edrleveleket k\u00fcldj\u00fcnk, amelyek<br>t\u00e1j\u00e9koztat\u00e1st ny\u00fajtanak leg\u00fajabb p\u00e1ly\u00e1inkr\u00f3l, akci\u00f3inkr\u00f3l, bajnoks\u00e1gokr\u00f3l, rendezv\u00e9nyekr\u0151l.<br>Az adatkezel\u00e9s jogalapja az \u00d6n \u00f6nk\u00e9ntes hozz\u00e1j\u00e1rul\u00e1sa, amelyet a h\u00edrlev\u00e9lre t\u00f6rt\u00e9n\u0151<br>feliratkoz\u00e1ssal ad meg. Ezt a hozz\u00e1j\u00e1rul\u00e1s\u00e1t b\u00e1rmikor visszavonhatja (l\u00e1sd a 6. pontot).<\/li>\n\n\n\n<li><strong>Az Adatok T\u00e1rol\u00e1s\u00e1nak Id\u0151tartama<\/strong><br>Az \u00d6n szem\u00e9lyes adatait a h\u00edrlev\u00e9lre t\u00f6rt\u00e9n\u0151 feliratkoz\u00e1s\u00e1nak id\u0151tartama alatt, illetve am\u00edg \u00d6n<br>vissza nem vonja a hozz\u00e1j\u00e1rul\u00e1s\u00e1t, kezelj\u00fck. A leiratkoz\u00e1st k\u00f6vet\u0151en az \u00d6n e-mail c\u00edm\u00e9t<br>t\u00f6r\u00f6lj\u00fck a h\u00edrlev\u00e9lk\u00fcld\u0151 list\u00e1nkr\u00f3l.<\/li>\n\n\n\n<li><strong>Az Adatok C\u00edmzettjei<\/strong><br>Az \u00d6n szem\u00e9lyes adataihoz az Adatkezel\u0151 munkat\u00e1rsai f\u00e9rhetnek hozz\u00e1 feladataik ell\u00e1t\u00e1sa<br>\u00e9rdek\u00e9ben.<br>Az \u00d6n szem\u00e9lyes adatait harmadik f\u00e9lnek nem adjuk tov\u00e1bb, kiv\u00e9ve, ha erre jogszab\u00e1ly<br>k\u00f6telez benn\u00fcnket.<\/li>\n\n\n\n<li><strong>Az \u00d6n Jogai az Adatkezel\u00e9ssel Kapcsolatba<\/strong>n<br>\u00d6nnek a GDPR \u00e9rtelm\u00e9ben az al\u00e1bbi jogai vannak a szem\u00e9lyes adatai kezel\u00e9s\u00e9vel<br>kapcsolatban:<\/li>\n<\/ol>\n\n\n\n<ul class=\"wp-block-list\">\n<li><strong>Hozz\u00e1f\u00e9r\u00e9shez val\u00f3 jog:<\/strong> K\u00e9rheti t\u00e1j\u00e9koztat\u00e1sunkat arr\u00f3l, hogy kezelj\u00fck-e az \u00d6n<br>szem\u00e9lyes adatait, \u00e9s ha igen, akkor milyen adatokat \u00e9s az adatkezel\u00e9s\u00fcnkkel<br>kapcsolatos inform\u00e1ci\u00f3kat.<\/li>\n\n\n\n<li><strong>Helyesb\u00edt\u00e9shez val\u00f3 jog:<\/strong> K\u00e9rheti a pontatlan vagy hi\u00e1nyos szem\u00e9lyes adatainak<br>helyesb\u00edt\u00e9s\u00e9t.<\/li>\n\n\n\n<li><strong>T\u00f6rl\u00e9shez val\u00f3 jog<\/strong> (\u201eelfeledtet\u00e9shez val\u00f3 jog\u201d): Bizonyos esetekben k\u00e9rheti<br>szem\u00e9lyes adatainak t\u00f6rl\u00e9s\u00e9t.<\/li>\n\n\n\n<li><strong>Adatkezel\u00e9s korl\u00e1toz\u00e1s\u00e1hoz val\u00f3 jog:<\/strong> Bizonyos esetekben k\u00e9rheti szem\u00e9lyes adatai<br>kezel\u00e9s\u00e9nek korl\u00e1toz\u00e1s\u00e1t.<\/li>\n\n\n\n<li><strong>Adathordozhat\u00f3s\u00e1ghoz val\u00f3 jog:<\/strong> K\u00e9rheti, hogy az \u00d6n \u00e1ltal rendelkez\u00e9s\u00fcnkre<br>bocs\u00e1tott szem\u00e9lyes adatokat tagolt, sz\u00e9les k\u00f6rben haszn\u00e1lt, g\u00e9ppel olvashat\u00f3<br>form\u00e1tumban megkapja, \u00e9s ezeket az adatokat egy m\u00e1sik adatkezel\u0151nek tov\u00e1bb\u00edtsa.<\/li>\n\n\n\n<li><strong>Tiltakoz\u00e1shoz val\u00f3 jog:<\/strong> Tiltakozhat szem\u00e9lyes adatainak jogos \u00e9rdek\u00fcnk\u00f6n alapul\u00f3<br>kezel\u00e9se ellen.<\/li>\n\n\n\n<li><strong>A hozz\u00e1j\u00e1rul\u00e1s visszavon\u00e1s\u00e1nak joga:<\/strong> \u00d6n b\u00e1rmikor visszavonhatja a h\u00edrlev\u00e9l<br>k\u00fcld\u00e9s\u00e9hez adott hozz\u00e1j\u00e1rul\u00e1s\u00e1t. A hozz\u00e1j\u00e1rul\u00e1s visszavon\u00e1sa nem \u00e9rinti a visszavon\u00e1s<br>el\u0151tti adatkezel\u00e9s jogszer\u0171s\u00e9g\u00e9t. A hozz\u00e1j\u00e1rul\u00e1s\u00e1t a h\u00edrlevelek alj\u00e1n tal\u00e1lhat\u00f3<br>\u201eLeiratkoz\u00e1s\u201d linkre kattintva vagy a [az \u00d6n e-mail c\u00edme] e-mail c\u00edmen kereszt\u00fcl<br>vonhatja vissza.<\/li>\n<\/ul>\n\n\n\n<ol class=\"wp-block-list\">\n<li><strong>Jogorvoslati Lehet\u0151s\u00e9gek<\/strong><br>Amennyiben \u00fagy v\u00e9li, hogy szem\u00e9lyes adatai kezel\u00e9se megs\u00e9rti a GDPR-t, panaszt ny\u00fajthat<br>be a Nemzeti Adatv\u00e9delmi \u00e9s Inform\u00e1ci\u00f3szabads\u00e1g Hat\u00f3s\u00e1ghoz (NAIH):<br>Nemzeti Adatv\u00e9delmi \u00e9s Inform\u00e1ci\u00f3szabads\u00e1g Hat\u00f3s\u00e1g Sz\u00e9khely: 1055 Budapest, Falk Miksa<br>utca 9-11. Postac\u00edm: 1363 Budapest, Pf.: 9. Telefon: +36 (1) 391-1400 E-mail:<br>ugyfelszolgalat@naih.hu Honlap: https:\/\/www.naih.hu\/<\/li>\n\n\n\n<li><strong>Kapcsolatfelv\u00e9tel Adatv\u00e9delmi K\u00e9rd\u00e9sekben<\/strong><br>Ha b\u00e1rmilyen k\u00e9rd\u00e9se vagy k\u00e9r\u00e9se van a szem\u00e9lyes adatai kezel\u00e9s\u00e9vel kapcsolatban, k\u00e9rj\u00fck,<br>vegye fel vel\u00fcnk a kapcsolatot az al\u00e1bbi el\u00e9rhet\u0151s\u00e9geken:<br>info@thechallenge.hu<\/li>\n\n\n\n<li><strong>Egy\u00e9b Rendelkez\u00e9sek<\/strong><br>Ez a t\u00e1j\u00e9koztat\u00f3 a h\u00edrlev\u00e9l feliratkoz\u00e1ssal kapcsolatos adatkezel\u00e9sre vonatkozik. A<br>weboldalunkon t\u00f6rt\u00e9n\u0151 egy\u00e9b adatkezel\u00e9sekre vonatkoz\u00f3 r\u00e9szletes inform\u00e1ci\u00f3kat a<br>weboldalunkon (www.thechgallenge.hu) \u00e9rheti el.<br>Kelt:<br>Bp. 2025.05.16.<br>The Challenge Game Kft.<\/li>\n<\/ol>\n","protected":false},"excerpt":{"rendered":"<p>Tudom\u00e1sul veszem, hogy a The Challenge Game kft (9094 T\u00e1pszentmikl\u00f3s F\u0151 utca 38.) adatkezel\u0151 \u00e1ltal a www.thechallenge.hu felhaszn\u00e1l\u00f3i adatb\u00e1zis\u00e1ban t\u00e1rolt&#8230;<\/p>","protected":false},"author":1,"featured_media":0,"parent":0,"menu_order":0,"comment_status":"closed","ping_status":"closed","template":"","meta":{"_acf_changed":false,"inline_featured_image":false,"_uag_custom_page_level_css":"","ghostkit_customizer_options":"","ghostkit_custom_css":"","ghostkit_custom_js_head":"","ghostkit_custom_js_foot":"","ghostkit_typography":"","_cpl_content_size":"","_cpl_sidebar":"","_cpl_disabled_page_elements":[],"_cpl_disabled_page_margins":[],"footnotes":""},"class_list":["post-159","page","type-page","status-publish","hentry"],"acf":[],"yoast_head":"<!-- This site is optimized with the Yoast SEO plugin v27.3 - https:\/\/yoast.com\/product\/yoast-seo-wordpress\/ -->\n<title>Adatv\u00e9delmi T\u00e1j\u00e9koztat\u00f3 - The Challenge<\/title>\n<meta name=\"robots\" content=\"index, follow, max-snippet:-1, max-image-preview:large, max-video-preview:-1\" \/>\n<link rel=\"canonical\" href=\"https:\/\/www.thechallenge.hu\/en\/adattovabbitasi-nyilatkozat\/\" \/>\n<meta property=\"og:locale\" content=\"en_US\" \/>\n<meta property=\"og:type\" content=\"article\" \/>\n<meta property=\"og:title\" content=\"Adatv\u00e9delmi T\u00e1j\u00e9koztat\u00f3 - The Challenge\" \/>\n<meta property=\"og:description\" content=\"Tudom\u00e1sul veszem, hogy a The Challenge Game kft (9094 T\u00e1pszentmikl\u00f3s F\u0151 utca 38.) adatkezel\u0151 \u00e1ltal a www.thechallenge.hu felhaszn\u00e1l\u00f3i adatb\u00e1zis\u00e1ban t\u00e1rolt...\" \/>\n<meta property=\"og:url\" content=\"https:\/\/www.thechallenge.hu\/en\/adattovabbitasi-nyilatkozat\/\" \/>\n<meta property=\"og:site_name\" content=\"The Challenge\" \/>\n<meta property=\"article:publisher\" content=\"https:\/\/www.facebook.com\/profile.php?id=61551761114842\" \/>\n<meta property=\"article:modified_time\" content=\"2025-05-18T20:53:34+00:00\" \/>\n<meta name=\"twitter:card\" content=\"summary_large_image\" \/>\n<meta name=\"twitter:label1\" content=\"Est. reading time\" \/>\n\t<meta name=\"twitter:data1\" content=\"3 minutes\" \/>\n<script type=\"application\/ld+json\" class=\"yoast-schema-graph\">{\"@context\":\"https:\\\/\\\/schema.org\",\"@graph\":[{\"@type\":\"WebPage\",\"@id\":\"https:\\\/\\\/www.thechallenge.hu\\\/adattovabbitasi-nyilatkozat\\\/\",\"url\":\"https:\\\/\\\/www.thechallenge.hu\\\/adattovabbitasi-nyilatkozat\\\/\",\"name\":\"Adatv\u00e9delmi T\u00e1j\u00e9koztat\u00f3 - The Challenge\",\"isPartOf\":{\"@id\":\"https:\\\/\\\/www.thechallenge.hu\\\/#website\"},\"datePublished\":\"2024-06-10T17:27:16+00:00\",\"dateModified\":\"2025-05-18T20:53:34+00:00\",\"breadcrumb\":{\"@id\":\"https:\\\/\\\/www.thechallenge.hu\\\/adattovabbitasi-nyilatkozat\\\/#breadcrumb\"},\"inLanguage\":\"en-US\",\"potentialAction\":[{\"@type\":\"ReadAction\",\"target\":[\"https:\\\/\\\/www.thechallenge.hu\\\/adattovabbitasi-nyilatkozat\\\/\"]}]},{\"@type\":\"BreadcrumbList\",\"@id\":\"https:\\\/\\\/www.thechallenge.hu\\\/adattovabbitasi-nyilatkozat\\\/#breadcrumb\",\"itemListElement\":[{\"@type\":\"ListItem\",\"position\":1,\"name\":\"Home\",\"item\":\"https:\\\/\\\/www.thechallenge.hu\\\/\"},{\"@type\":\"ListItem\",\"position\":2,\"name\":\"Adatv\u00e9delmi T\u00e1j\u00e9koztat\u00f3\"}]},{\"@type\":\"WebSite\",\"@id\":\"https:\\\/\\\/www.thechallenge.hu\\\/#website\",\"url\":\"https:\\\/\\\/www.thechallenge.hu\\\/\",\"name\":\"The Challenge\",\"description\":\"The Challenge\",\"publisher\":{\"@id\":\"https:\\\/\\\/www.thechallenge.hu\\\/#organization\"},\"potentialAction\":[{\"@type\":\"SearchAction\",\"target\":{\"@type\":\"EntryPoint\",\"urlTemplate\":\"https:\\\/\\\/www.thechallenge.hu\\\/?s={search_term_string}\"},\"query-input\":{\"@type\":\"PropertyValueSpecification\",\"valueRequired\":true,\"valueName\":\"search_term_string\"}}],\"inLanguage\":\"en-US\"},{\"@type\":\"Organization\",\"@id\":\"https:\\\/\\\/www.thechallenge.hu\\\/#organization\",\"name\":\"The Challenge\",\"url\":\"https:\\\/\\\/www.thechallenge.hu\\\/\",\"logo\":{\"@type\":\"ImageObject\",\"inLanguage\":\"en-US\",\"@id\":\"https:\\\/\\\/www.thechallenge.hu\\\/#\\\/schema\\\/logo\\\/image\\\/\",\"url\":\"https:\\\/\\\/www.thechallenge.hu\\\/wp-content\\\/uploads\\\/2024\\\/05\\\/3D_cube_logo_colored.png\",\"contentUrl\":\"https:\\\/\\\/www.thechallenge.hu\\\/wp-content\\\/uploads\\\/2024\\\/05\\\/3D_cube_logo_colored.png\",\"width\":232,\"height\":257,\"caption\":\"The Challenge\"},\"image\":{\"@id\":\"https:\\\/\\\/www.thechallenge.hu\\\/#\\\/schema\\\/logo\\\/image\\\/\"},\"sameAs\":[\"https:\\\/\\\/www.facebook.com\\\/profile.php?id=61551761114842\",\"https:\\\/\\\/www.tiktok.com\\\/@thechallengegame\",\"https:\\\/\\\/www.instagram.com\\\/thechallengebudapest\",\"https:\\\/\\\/www.youtube.com\\\/@thechallengebudapest\"]}]}<\/script>\n<!-- \/ Yoast SEO plugin. -->","yoast_head_json":{"title":"Adatv\u00e9delmi T\u00e1j\u00e9koztat\u00f3 - The Challenge","robots":{"index":"index","follow":"follow","max-snippet":"max-snippet:-1","max-image-preview":"max-image-preview:large","max-video-preview":"max-video-preview:-1"},"canonical":"https:\/\/www.thechallenge.hu\/en\/adattovabbitasi-nyilatkozat\/","og_locale":"en_US","og_type":"article","og_title":"Adatv\u00e9delmi T\u00e1j\u00e9koztat\u00f3 - The Challenge","og_description":"Tudom\u00e1sul veszem, hogy a The Challenge Game kft (9094 T\u00e1pszentmikl\u00f3s F\u0151 utca 38.) adatkezel\u0151 \u00e1ltal a www.thechallenge.hu felhaszn\u00e1l\u00f3i adatb\u00e1zis\u00e1ban t\u00e1rolt...","og_url":"https:\/\/www.thechallenge.hu\/en\/adattovabbitasi-nyilatkozat\/","og_site_name":"The Challenge","article_publisher":"https:\/\/www.facebook.com\/profile.php?id=61551761114842","article_modified_time":"2025-05-18T20:53:34+00:00","twitter_card":"summary_large_image","twitter_misc":{"Est. reading time":"3 minutes"},"schema":{"@context":"https:\/\/schema.org","@graph":[{"@type":"WebPage","@id":"https:\/\/www.thechallenge.hu\/adattovabbitasi-nyilatkozat\/","url":"https:\/\/www.thechallenge.hu\/adattovabbitasi-nyilatkozat\/","name":"Adatv\u00e9delmi T\u00e1j\u00e9koztat\u00f3 - The Challenge","isPartOf":{"@id":"https:\/\/www.thechallenge.hu\/#website"},"datePublished":"2024-06-10T17:27:16+00:00","dateModified":"2025-05-18T20:53:34+00:00","breadcrumb":{"@id":"https:\/\/www.thechallenge.hu\/adattovabbitasi-nyilatkozat\/#breadcrumb"},"inLanguage":"en-US","potentialAction":[{"@type":"ReadAction","target":["https:\/\/www.thechallenge.hu\/adattovabbitasi-nyilatkozat\/"]}]},{"@type":"BreadcrumbList","@id":"https:\/\/www.thechallenge.hu\/adattovabbitasi-nyilatkozat\/#breadcrumb","itemListElement":[{"@type":"ListItem","position":1,"name":"Home","item":"https:\/\/www.thechallenge.hu\/"},{"@type":"ListItem","position":2,"name":"Adatv\u00e9delmi T\u00e1j\u00e9koztat\u00f3"}]},{"@type":"WebSite","@id":"https:\/\/www.thechallenge.hu\/#website","url":"https:\/\/www.thechallenge.hu\/","name":"The Challenge","description":"The Challenge","publisher":{"@id":"https:\/\/www.thechallenge.hu\/#organization"},"potentialAction":[{"@type":"SearchAction","target":{"@type":"EntryPoint","urlTemplate":"https:\/\/www.thechallenge.hu\/?s={search_term_string}"},"query-input":{"@type":"PropertyValueSpecification","valueRequired":true,"valueName":"search_term_string"}}],"inLanguage":"en-US"},{"@type":"Organization","@id":"https:\/\/www.thechallenge.hu\/#organization","name":"The Challenge","url":"https:\/\/www.thechallenge.hu\/","logo":{"@type":"ImageObject","inLanguage":"en-US","@id":"https:\/\/www.thechallenge.hu\/#\/schema\/logo\/image\/","url":"https:\/\/www.thechallenge.hu\/wp-content\/uploads\/2024\/05\/3D_cube_logo_colored.png","contentUrl":"https:\/\/www.thechallenge.hu\/wp-content\/uploads\/2024\/05\/3D_cube_logo_colored.png","width":232,"height":257,"caption":"The Challenge"},"image":{"@id":"https:\/\/www.thechallenge.hu\/#\/schema\/logo\/image\/"},"sameAs":["https:\/\/www.facebook.com\/profile.php?id=61551761114842","https:\/\/www.tiktok.com\/@thechallengegame","https:\/\/www.instagram.com\/thechallengebudapest","https:\/\/www.youtube.com\/@thechallengebudapest"]}]}},"uagb_featured_image_src":{"full":false,"thumbnail":false,"medium":false,"medium_large":false,"large":false,"1536x1536":false,"2048x2048":false,"trp-custom-language-flag":false,"cpl_3840x3840":false,"cpl_2560x2560":false,"cpl_1920x1920":false,"cpl_1280x1280":false,"cpl_600x600_crop":false,"cpl_600x600":false,"cpl_300x300_crop":false,"cpl_300x300":false,"cpl_48x48_crop":false,"cpl_48x48":false},"uagb_author_info":{"display_name":"thechallenge","author_link":"https:\/\/www.thechallenge.hu\/en\/author\/thechallenge\/"},"uagb_comment_info":0,"uagb_excerpt":"Tudom\u00e1sul veszem, hogy a The Challenge Game kft (9094 T\u00e1pszentmikl\u00f3s F\u0151 utca 38.) adatkezel\u0151 \u00e1ltal a www.thechallenge.hu felhaszn\u00e1l\u00f3i adatb\u00e1zis\u00e1ban t\u00e1rolt...","_links":{"self":[{"href":"https:\/\/www.thechallenge.hu\/en\/wp-json\/wp\/v2\/pages\/159","targetHints":{"allow":["GET"]}}],"collection":[{"href":"https:\/\/www.thechallenge.hu\/en\/wp-json\/wp\/v2\/pages"}],"about":[{"href":"https:\/\/www.thechallenge.hu\/en\/wp-json\/wp\/v2\/types\/page"}],"author":[{"embeddable":true,"href":"https:\/\/www.thechallenge.hu\/en\/wp-json\/wp\/v2\/users\/1"}],"replies":[{"embeddable":true,"href":"https:\/\/www.thechallenge.hu\/en\/wp-json\/wp\/v2\/comments?post=159"}],"version-history":[{"count":7,"href":"https:\/\/www.thechallenge.hu\/en\/wp-json\/wp\/v2\/pages\/159\/revisions"}],"predecessor-version":[{"id":2915,"href":"https:\/\/www.thechallenge.hu\/en\/wp-json\/wp\/v2\/pages\/159\/revisions\/2915"}],"wp:attachment":[{"href":"https:\/\/www.thechallenge.hu\/en\/wp-json\/wp\/v2\/media?parent=159"}],"curies":[{"name":"wp","href":"https:\/\/api.w.org\/{rel}","templated":true}]}}