{"id":42,"date":"2024-05-03T09:55:37","date_gmt":"2024-05-03T09:55:37","guid":{"rendered":"https:\/\/www.thechallenge.hu\/?page_id=42"},"modified":"2025-10-22T15:08:35","modified_gmt":"2025-10-22T13:08:35","slug":"kapcsolat","status":"publish","type":"page","link":"https:\/\/www.thechallenge.hu\/en\/kapcsolat\/","title":{"rendered":"Contact"},"content":{"rendered":"\n<div class=\"ghostkit-pricing-table ghostkit-pricing-table-gap-md ghostkit-pricing-table-items-1 ghostkit-pricing-table-align-vertical-center ghostkit-pricing-table-align-horizontal-center\"><div class=\"ghostkit-pricing-table-inner\">\n<div class=\"ghostkit-pricing-table-item-wrap openhours ghostkit-custom-1IlaSp\"><div class=\"ghostkit-pricing-table-item ghostkit-pricing-table-item-popular\"><h3 class=\"ghostkit-pricing-table-item-title\">Nyitvatart\u00e1s<\/h3><div class=\"ghostkit-pricing-table-item-description\">H\u00e9tf\u0151 \u2013 Z\u00c1RVA<br>Kedd \u2013 Z\u00c1RVA<br>Szerda \u2013 12:00 \u2013 22:00<br>Cs\u00fct\u00f6rt\u00f6k \u2013 12:00 <em>\u2013<\/em> 22:00<br>P\u00e9ntek \u2013 12:00 \u2013 22:00<br>Szombat \u2013 12:00 \u2013 22:00<br>Vas\u00e1rnap \u2013 12:00 \u2013 22:00<br><br><strong>C\u00edm:<\/strong>&nbsp;<a href=\"https:\/\/www.thechallenge.hu\/kapcsolat\/\">1085 Budapest M\u00e1ria utca 36.<\/a><br><strong>Telefon: <\/strong>&nbsp;<a href=\"tel:+36305054404\">+36\/30 5054 404<\/a><br><strong>E-mail c\u00edm:<\/strong>&nbsp;<a href=\"mailto:info@thechallenge.hu\">info<\/a><a href=\"mailto:info@thechallenge.hu\">@thechallenge.hu<\/a><\/div><div class=\"ghostkit-pricing-table-item-popular-badge\">Popular<\/div><\/div><\/div>\n<\/div><\/div>\n\n\n\n<div class=\"wp-block-uagb-container uagb-block-7c71857b alignfull uagb-is-root-container\">\n<div class=\"ghostkit-google-maps\" style=\"min-height:624px\" data-lat=\"47.48781390510202\" data-lng=\"19.071295140291046\" data-zoom=\"16\" data-show-zoom-buttons=\"true\" data-show-map-type-buttons=\"true\" data-show-street-view-button=\"true\" data-show-fullscreen-button=\"true\" data-option-scroll-wheel=\"true\" data-option-draggable=\"true\" data-styles=\"[{&quot;featureType&quot;:&quot;all&quot;,&quot;elementType&quot;:&quot;labels.text.fill&quot;,&quot;stylers&quot;:[{&quot;saturation&quot;:36},{&quot;color&quot;:&quot;#707070&quot;},{&quot;lightness&quot;:40}]},{&quot;featureType&quot;:&quot;all&quot;,&quot;elementType&quot;:&quot;labels.text.stroke&quot;,&quot;stylers&quot;:[{&quot;visibility&quot;:&quot;on&quot;},{&quot;color&quot;:&quot;#000000&quot;},{&quot;lightness&quot;:16}]},{&quot;featureType&quot;:&quot;all&quot;,&quot;elementType&quot;:&quot;labels.icon&quot;,&quot;stylers&quot;:[{&quot;visibility&quot;:&quot;off&quot;}]},{&quot;featureType&quot;:&quot;administrative&quot;,&quot;elementType&quot;:&quot;geometry.fill&quot;,&quot;stylers&quot;:[{&quot;color&quot;:&quot;#000000&quot;},{&quot;lightness&quot;:20}]},{&quot;featureType&quot;:&quot;administrative&quot;,&quot;elementType&quot;:&quot;geometry.stroke&quot;,&quot;stylers&quot;:[{&quot;color&quot;:&quot;#000000&quot;},{&quot;lightness&quot;:17},{&quot;weight&quot;:1.2}]},{&quot;featureType&quot;:&quot;landscape&quot;,&quot;elementType&quot;:&quot;geometry&quot;,&quot;stylers&quot;:[{&quot;color&quot;:&quot;#424242&quot;}]},{&quot;featureType&quot;:&quot;poi&quot;,&quot;elementType&quot;:&quot;geometry&quot;,&quot;stylers&quot;:[{&quot;color&quot;:&quot;#000000&quot;},{&quot;lightness&quot;:21}]},{&quot;featureType&quot;:&quot;poi&quot;,&quot;elementType&quot;:&quot;labels&quot;,&quot;stylers&quot;:[{&quot;visibility&quot;:&quot;on&quot;}]},{&quot;featureType&quot;:&quot;poi&quot;,&quot;elementType&quot;:&quot;labels.icon&quot;,&quot;stylers&quot;:[{&quot;visibility&quot;:&quot;off&quot;}]},{&quot;featureType&quot;:&quot;road.highway&quot;,&quot;elementType&quot;:&quot;geometry.fill&quot;,&quot;stylers&quot;:[{&quot;lightness&quot;:17},{&quot;color&quot;:&quot;#484848&quot;}]},{&quot;featureType&quot;:&quot;road.highway&quot;,&quot;elementType&quot;:&quot;geometry.stroke&quot;,&quot;stylers&quot;:[{&quot;lightness&quot;:29},{&quot;weight&quot;:0.2},{&quot;color&quot;:&quot;#ff0000&quot;},{&quot;visibility&quot;:&quot;off&quot;}]},{&quot;featureType&quot;:&quot;road.arterial&quot;,&quot;elementType&quot;:&quot;geometry&quot;,&quot;stylers&quot;:[{&quot;color&quot;:&quot;#000000&quot;},{&quot;lightness&quot;:18}]},{&quot;featureType&quot;:&quot;road.local&quot;,&quot;elementType&quot;:&quot;geometry&quot;,&quot;stylers&quot;:[{&quot;color&quot;:&quot;#000000&quot;},{&quot;lightness&quot;:16}]},{&quot;featureType&quot;:&quot;transit&quot;,&quot;elementType&quot;:&quot;geometry&quot;,&quot;stylers&quot;:[{&quot;color&quot;:&quot;#000000&quot;},{&quot;lightness&quot;:19}]},{&quot;featureType&quot;:&quot;water&quot;,&quot;elementType&quot;:&quot;geometry&quot;,&quot;stylers&quot;:[{&quot;color&quot;:&quot;#000000&quot;},{&quot;lightness&quot;:17}]}]\" data-gesture-handling=\"cooperative\"><div class=\"ghostkit-google-maps-marker\" data-title=\"location\" data-lat=\"40.702365092606634\" data-lng=\"-73.63381093476562\" data-address=\"1356 Broadway, New York, NY 10018, Egyes\u00fclt \u00c1llamok\"><\/div><div class=\"ghostkit-google-maps-marker\" data-lat=\"47.4891646\" data-lng=\"19.0688694\" data-address=\"Budapest, M\u00e1ria u. 36, 1085 Magyarorsz\u00e1g\"><\/div><\/div>\n\n\n\n<div class=\"wp-block-uagb-container uagb-block-6b7f90a9\"><\/div>\n<\/div>\n\n\n\n<div class=\"wp-block-uagb-container uagb-layout-grid uagb-block-e3db6d5a alignfull uagb-is-root-container\"><div class=\"uagb-container-inner-blocks-wrap\"><form class=\"ghostkit-form ghostkit-custom-Z1njQWD kontakt is-layout-flow wp-block-ghostkit-form-is-layout-flow\" id=\"gkt_form_fe8826db\" method=\"POST\" name=\"ghostkit-form\" action=\"\/en\/wp-json\/wp\/v2\/pages\/42#gkt_form_fe8826db\">\n\n<div class=\"wp-block-columns is-layout-flex wp-container-core-columns-is-layout-9d6595d7 wp-block-columns-is-layout-flex\">\n<div class=\"wp-block-column is-layout-flow wp-block-column-is-layout-flow\" style=\"flex-basis:100%\">\n\t\t<div class=\"ghostkit-form-field ghostkit-form-field-name\">\n\t\t\t\t\t\t\t\t\t\t<label class=\"ghostkit-form-field-label\"  for=\"gkt_form_fe8826db_field_name\">\n\t\t\t\t\tN\u00e9v<span class=\"required\">*<\/span>\t\t\t\t<\/label>\n\t\t\t\t\t\t<input type=\"hidden\" name=\"field_name[label]\" value=\"N\u00e9v\" \/>\n\t\t\t\n\t\t\t\n\t\t\t\t<input type=\"text\"  required=\"required\" name=\"field_name[value]\" id=\"gkt_form_fe8826db_field_name\" \/>\n\n\t\t\t\t\n\t\t\t\n\t\t\t\t\t<\/div>\n\n\t\t<\/div>\n<\/div>\n\n\n\n\t\t<div class=\"ghostkit-form-field ghostkit-form-field-email\">\n\t\t\t\t\t\t\t\t\t\t<label class=\"ghostkit-form-field-label\"  for=\"gkt_form_fe8826db_field_email\">\n\t\t\t\t\tEmail<span class=\"required\">*<\/span>\t\t\t\t<\/label>\n\t\t\t\t\t\t<input type=\"hidden\" name=\"field_email[label]\" value=\"Email\" \/>\n\t\t\t\n\t\t\t\n\t\t\t\t<input type=\"email\"  required=\"required\" name=\"field_email[value]\" id=\"gkt_form_fe8826db_field_email\" \/>\n\n\t\t\t\t\t\t\t<small class=\"ghostkit-form-field-description ghostkit-form-field-description-hidden\">\n\t\t\t\tEmail\t\t\t<\/small>\n\t\t\t<input type=\"hidden\" name=\"field_email[description]\" value=\"Email\" \/>\n\t\t\t\n\t\t\t\t\t<\/div>\n\n\t\t\n\n\n\t\t<div class=\"ghostkit-form-field ghostkit-form-field-text\">\n\t\t\t\t\t\t\t\t\t\t<label class=\"ghostkit-form-field-label\"  for=\"gkt_form_fe8826db_field_subject\">\n\t\t\t\t\tT\u00e1rgy<span class=\"required\">*<\/span>\t\t\t\t<\/label>\n\t\t\t\t\t\t<input type=\"hidden\" name=\"field_subject[label]\" value=\"T\u00e1rgy\" \/>\n\t\t\t\n\t\t\t<input type=\"text\"  required=\"required\" name=\"field_subject[value]\" id=\"gkt_form_fe8826db_field_subject\" \/>\n\n\t\t\t\t\t<\/div>\n\n\t\t\n\n\n\t\t<div class=\"ghostkit-form-field ghostkit-form-field-textarea\">\n\t\t\t\t\t\t\t\t\t\t<label class=\"ghostkit-form-field-label\"  for=\"gkt_form_fe8826db_field_message\">\n\t\t\t\t\t\u00dczenet<span class=\"required\">*<\/span>\t\t\t\t<\/label>\n\t\t\t\t\t\t<input type=\"hidden\" name=\"field_message[label]\" value=\"\u00dczenet\" \/>\n\t\t\t\n\t\t\t<textarea  required=\"required\" name=\"field_message[value]\" id=\"gkt_form_fe8826db_field_message\"><\/textarea>\n\n\t\t\t\t\t<\/div>\n\n\t\t\n\n\n\t\t<div class=\"ghostkit-form-field ghostkit-form-field-checkbox ghostkit-custom-cbVMB\">\n\t\t\t\t\t\t\t\t\t\t<label class=\"ghostkit-form-field-label\"  for=\"gkt_form_fe8826db_field_checkbox\">\n\t\t\t\t\tAdatkezel\u00e9si t\u00e1j\u00e9koztat\u00f3 elfogad\u00e1sa\t\t\t\t<\/label>\n\t\t\t\t\t\t<input type=\"hidden\" name=\"field_checkbox[label]\" value=\"Adatkezel\u00e9si t\u00e1j\u00e9koztat\u00f3 elfogad\u00e1sa\" \/>\n\t\t\t\n\t\t\t<div class=\"ghostkit-form-field-checkbox-items\">\n\t\t\t\t\t\t\t\t\t<label class=\"ghostkit-form-field-checkbox-item\" for=\"gkt_form_fe8826db_field_checkbox-item-0\">\n\t\t\t\t\t\t<input type=\"checkbox\"  value=\"Elolvastam \u00e9s elfogadom az \u00c1ltal\u00e1nos Szerz\u0151d\u00e9si Felt\u00e9telek-ben foglaltakat\"  id=\"gkt_form_fe8826db_field_checkbox-item-0\" name=\"field_checkbox[value][]\" \/>\n\t\t\t\t\t\tElolvastam \u00e9s elfogadom az \u00c1ltal\u00e1nos Szerz\u0151d\u00e9si Felt\u00e9telek-ben foglaltakat\t\t\t\t\t<\/label>\n\t\t\t\t\t\t\t<\/div>\n\n\t\t\t\t\t<\/div>\n\n\t\t\n\n\n<div class=\"ghostkit-form-submit-button\">\n<button class=\"ghostkit-button ghostkit-button-md ghostkit-button-with-outline ghostkit-custom-Z1AgbbD\"><span class=\"ghostkit-button-text\">K\u00fcld\u00e9s<\/span><\/button>\n<\/div>\n\n\t\t<input aria-label=\"Verify your Email\" type=\"email\" name=\"ghostkit_verify_email\" autocomplete=\"off\" placeholder=\"Email\" tabindex=\"-1\">\n\t\t<input type=\"hidden\" id=\"__gkt_form_fe8826db\" name=\"__gkt_form_fe8826db\" value=\"e5a6c313cf\" \/><input type=\"hidden\" name=\"_wp_http_referer\" value=\"\/en\/wp-json\/wp\/v2\/pages\/42\" \/>\t\t<input type=\"hidden\" name=\"ghostkit_form_id\" value=\"gkt_form_fe8826db\">\n\t\t<\/form><\/div><\/div>\n","protected":false},"excerpt":{"rendered":"","protected":false},"author":1,"featured_media":0,"parent":0,"menu_order":0,"comment_status":"closed","ping_status":"closed","template":"","meta":{"_acf_changed":false,"inline_featured_image":false,"_uag_custom_page_level_css":"","ghostkit_customizer_options":"","ghostkit_custom_css":"","ghostkit_custom_js_head":"","ghostkit_custom_js_foot":"","ghostkit_typography":"","_cpl_content_size":"","_cpl_sidebar":"","_cpl_disabled_page_elements":[],"_cpl_disabled_page_margins":[],"footnotes":""},"class_list":["post-42","page","type-page","status-publish","hentry"],"acf":[],"yoast_head":"<!-- This site is optimized with the Yoast SEO plugin v27.3 - https:\/\/yoast.com\/product\/yoast-seo-wordpress\/ -->\n<title>Kapcsolat - The Challenge<\/title>\n<meta name=\"description\" content=\"L\u00e9pj vel\u00fcnk kapcsolatba az al\u00e1bbi el\u00e9rhet\u0151s\u00e9geken!\" \/>\n<meta name=\"robots\" content=\"index, follow, max-snippet:-1, max-image-preview:large, max-video-preview:-1\" \/>\n<link rel=\"canonical\" href=\"https:\/\/www.thechallenge.hu\/en\/kapcsolat\/\" \/>\n<meta property=\"og:locale\" content=\"en_US\" \/>\n<meta property=\"og:type\" content=\"article\" \/>\n<meta property=\"og:title\" content=\"Kapcsolat - The Challenge\" \/>\n<meta property=\"og:description\" content=\"L\u00e9pj vel\u00fcnk kapcsolatba az al\u00e1bbi el\u00e9rhet\u0151s\u00e9geken!\" \/>\n<meta property=\"og:url\" content=\"https:\/\/www.thechallenge.hu\/en\/kapcsolat\/\" \/>\n<meta property=\"og:site_name\" content=\"The Challenge\" \/>\n<meta property=\"article:publisher\" content=\"https:\/\/www.facebook.com\/profile.php?id=61551761114842\" \/>\n<meta property=\"article:modified_time\" content=\"2025-10-22T13:08:35+00:00\" \/>\n<meta name=\"twitter:card\" content=\"summary_large_image\" \/>\n<meta name=\"twitter:label1\" content=\"Est. reading time\" \/>\n\t<meta name=\"twitter:data1\" content=\"1 minute\" \/>\n<script type=\"application\/ld+json\" class=\"yoast-schema-graph\">{\"@context\":\"https:\\\/\\\/schema.org\",\"@graph\":[{\"@type\":\"WebPage\",\"@id\":\"https:\\\/\\\/www.thechallenge.hu\\\/kapcsolat\\\/\",\"url\":\"https:\\\/\\\/www.thechallenge.hu\\\/kapcsolat\\\/\",\"name\":\"Kapcsolat - The Challenge\",\"isPartOf\":{\"@id\":\"https:\\\/\\\/www.thechallenge.hu\\\/#website\"},\"datePublished\":\"2024-05-03T09:55:37+00:00\",\"dateModified\":\"2025-10-22T13:08:35+00:00\",\"description\":\"L\u00e9pj vel\u00fcnk kapcsolatba az al\u00e1bbi el\u00e9rhet\u0151s\u00e9geken!\",\"breadcrumb\":{\"@id\":\"https:\\\/\\\/www.thechallenge.hu\\\/kapcsolat\\\/#breadcrumb\"},\"inLanguage\":\"en-US\",\"potentialAction\":[{\"@type\":\"ReadAction\",\"target\":[\"https:\\\/\\\/www.thechallenge.hu\\\/kapcsolat\\\/\"]}]},{\"@type\":\"BreadcrumbList\",\"@id\":\"https:\\\/\\\/www.thechallenge.hu\\\/kapcsolat\\\/#breadcrumb\",\"itemListElement\":[{\"@type\":\"ListItem\",\"position\":1,\"name\":\"Home\",\"item\":\"https:\\\/\\\/www.thechallenge.hu\\\/\"},{\"@type\":\"ListItem\",\"position\":2,\"name\":\"Kapcsolat\"}]},{\"@type\":\"WebSite\",\"@id\":\"https:\\\/\\\/www.thechallenge.hu\\\/#website\",\"url\":\"https:\\\/\\\/www.thechallenge.hu\\\/\",\"name\":\"The Challenge\",\"description\":\"The Challenge\",\"publisher\":{\"@id\":\"https:\\\/\\\/www.thechallenge.hu\\\/#organization\"},\"potentialAction\":[{\"@type\":\"SearchAction\",\"target\":{\"@type\":\"EntryPoint\",\"urlTemplate\":\"https:\\\/\\\/www.thechallenge.hu\\\/?s={search_term_string}\"},\"query-input\":{\"@type\":\"PropertyValueSpecification\",\"valueRequired\":true,\"valueName\":\"search_term_string\"}}],\"inLanguage\":\"en-US\"},{\"@type\":\"Organization\",\"@id\":\"https:\\\/\\\/www.thechallenge.hu\\\/#organization\",\"name\":\"The Challenge\",\"url\":\"https:\\\/\\\/www.thechallenge.hu\\\/\",\"logo\":{\"@type\":\"ImageObject\",\"inLanguage\":\"en-US\",\"@id\":\"https:\\\/\\\/www.thechallenge.hu\\\/#\\\/schema\\\/logo\\\/image\\\/\",\"url\":\"https:\\\/\\\/www.thechallenge.hu\\\/wp-content\\\/uploads\\\/2024\\\/05\\\/3D_cube_logo_colored.png\",\"contentUrl\":\"https:\\\/\\\/www.thechallenge.hu\\\/wp-content\\\/uploads\\\/2024\\\/05\\\/3D_cube_logo_colored.png\",\"width\":232,\"height\":257,\"caption\":\"The Challenge\"},\"image\":{\"@id\":\"https:\\\/\\\/www.thechallenge.hu\\\/#\\\/schema\\\/logo\\\/image\\\/\"},\"sameAs\":[\"https:\\\/\\\/www.facebook.com\\\/profile.php?id=61551761114842\",\"https:\\\/\\\/www.tiktok.com\\\/@thechallengegame\",\"https:\\\/\\\/www.instagram.com\\\/thechallengebudapest\",\"https:\\\/\\\/www.youtube.com\\\/@thechallengebudapest\"]}]}<\/script>\n<!-- \/ Yoast SEO plugin. -->","yoast_head_json":{"title":"Kapcsolat - The Challenge","description":"L\u00e9pj vel\u00fcnk kapcsolatba az al\u00e1bbi el\u00e9rhet\u0151s\u00e9geken!","robots":{"index":"index","follow":"follow","max-snippet":"max-snippet:-1","max-image-preview":"max-image-preview:large","max-video-preview":"max-video-preview:-1"},"canonical":"https:\/\/www.thechallenge.hu\/en\/kapcsolat\/","og_locale":"en_US","og_type":"article","og_title":"Kapcsolat - The Challenge","og_description":"L\u00e9pj vel\u00fcnk kapcsolatba az al\u00e1bbi el\u00e9rhet\u0151s\u00e9geken!","og_url":"https:\/\/www.thechallenge.hu\/en\/kapcsolat\/","og_site_name":"The Challenge","article_publisher":"https:\/\/www.facebook.com\/profile.php?id=61551761114842","article_modified_time":"2025-10-22T13:08:35+00:00","twitter_card":"summary_large_image","twitter_misc":{"Est. reading time":"1 minute"},"schema":{"@context":"https:\/\/schema.org","@graph":[{"@type":"WebPage","@id":"https:\/\/www.thechallenge.hu\/kapcsolat\/","url":"https:\/\/www.thechallenge.hu\/kapcsolat\/","name":"Kapcsolat - The Challenge","isPartOf":{"@id":"https:\/\/www.thechallenge.hu\/#website"},"datePublished":"2024-05-03T09:55:37+00:00","dateModified":"2025-10-22T13:08:35+00:00","description":"L\u00e9pj vel\u00fcnk kapcsolatba az al\u00e1bbi el\u00e9rhet\u0151s\u00e9geken!","breadcrumb":{"@id":"https:\/\/www.thechallenge.hu\/kapcsolat\/#breadcrumb"},"inLanguage":"en-US","potentialAction":[{"@type":"ReadAction","target":["https:\/\/www.thechallenge.hu\/kapcsolat\/"]}]},{"@type":"BreadcrumbList","@id":"https:\/\/www.thechallenge.hu\/kapcsolat\/#breadcrumb","itemListElement":[{"@type":"ListItem","position":1,"name":"Home","item":"https:\/\/www.thechallenge.hu\/"},{"@type":"ListItem","position":2,"name":"Kapcsolat"}]},{"@type":"WebSite","@id":"https:\/\/www.thechallenge.hu\/#website","url":"https:\/\/www.thechallenge.hu\/","name":"The Challenge","description":"The Challenge","publisher":{"@id":"https:\/\/www.thechallenge.hu\/#organization"},"potentialAction":[{"@type":"SearchAction","target":{"@type":"EntryPoint","urlTemplate":"https:\/\/www.thechallenge.hu\/?s={search_term_string}"},"query-input":{"@type":"PropertyValueSpecification","valueRequired":true,"valueName":"search_term_string"}}],"inLanguage":"en-US"},{"@type":"Organization","@id":"https:\/\/www.thechallenge.hu\/#organization","name":"The Challenge","url":"https:\/\/www.thechallenge.hu\/","logo":{"@type":"ImageObject","inLanguage":"en-US","@id":"https:\/\/www.thechallenge.hu\/#\/schema\/logo\/image\/","url":"https:\/\/www.thechallenge.hu\/wp-content\/uploads\/2024\/05\/3D_cube_logo_colored.png","contentUrl":"https:\/\/www.thechallenge.hu\/wp-content\/uploads\/2024\/05\/3D_cube_logo_colored.png","width":232,"height":257,"caption":"The Challenge"},"image":{"@id":"https:\/\/www.thechallenge.hu\/#\/schema\/logo\/image\/"},"sameAs":["https:\/\/www.facebook.com\/profile.php?id=61551761114842","https:\/\/www.tiktok.com\/@thechallengegame","https:\/\/www.instagram.com\/thechallengebudapest","https:\/\/www.youtube.com\/@thechallengebudapest"]}]}},"uagb_featured_image_src":{"full":false,"thumbnail":false,"medium":false,"medium_large":false,"large":false,"1536x1536":false,"2048x2048":false,"trp-custom-language-flag":false,"cpl_3840x3840":false,"cpl_2560x2560":false,"cpl_1920x1920":false,"cpl_1280x1280":false,"cpl_600x600_crop":false,"cpl_600x600":false,"cpl_300x300_crop":false,"cpl_300x300":false,"cpl_48x48_crop":false,"cpl_48x48":false},"uagb_author_info":{"display_name":"thechallenge","author_link":"https:\/\/www.thechallenge.hu\/en\/author\/thechallenge\/"},"uagb_comment_info":0,"uagb_excerpt":null,"_links":{"self":[{"href":"https:\/\/www.thechallenge.hu\/en\/wp-json\/wp\/v2\/pages\/42","targetHints":{"allow":["GET"]}}],"collection":[{"href":"https:\/\/www.thechallenge.hu\/en\/wp-json\/wp\/v2\/pages"}],"about":[{"href":"https:\/\/www.thechallenge.hu\/en\/wp-json\/wp\/v2\/types\/page"}],"author":[{"embeddable":true,"href":"https:\/\/www.thechallenge.hu\/en\/wp-json\/wp\/v2\/users\/1"}],"replies":[{"embeddable":true,"href":"https:\/\/www.thechallenge.hu\/en\/wp-json\/wp\/v2\/comments?post=42"}],"version-history":[{"count":87,"href":"https:\/\/www.thechallenge.hu\/en\/wp-json\/wp\/v2\/pages\/42\/revisions"}],"predecessor-version":[{"id":3279,"href":"https:\/\/www.thechallenge.hu\/en\/wp-json\/wp\/v2\/pages\/42\/revisions\/3279"}],"wp:attachment":[{"href":"https:\/\/www.thechallenge.hu\/en\/wp-json\/wp\/v2\/media?parent=42"}],"curies":[{"name":"wp","href":"https:\/\/api.w.org\/{rel}","templated":true}]}}