{"id":421,"date":"2024-08-22T15:21:07","date_gmt":"2024-08-22T15:21:07","guid":{"rendered":"https:\/\/www.thechallenge.hu\/?page_id=421"},"modified":"2024-10-05T14:39:43","modified_gmt":"2024-10-05T12:39:43","slug":"aszf","status":"publish","type":"page","link":"https:\/\/www.thechallenge.hu\/en\/aszf\/","title":{"rendered":"T&amp;C"},"content":{"rendered":"<p>Az \u00c1ltal\u00e1nos Szerz\u0151d\u00e9si Felt\u00e9teleinket<br>A jelen \u00c1ltal\u00e1nos Szerz\u0151d\u00e9si Felt\u00e9telek a The Challenge Game Kft. (sz\u00e9khely: 9094<br>T\u00e1pszentmikl\u00f3s F\u0151 utca 38, Cg.:08-09-036175, ad\u00f3sz\u00e1m: 32391404-2-08) \u00e9s a The<br>Challenge Game Kft. weboldal\u00e1n bemutatott szolg\u00e1ltat\u00e1st ig\u00e9nybe vev\u0151k jogait \u00e9s<br>k\u00f6telezetts\u00e9geit tartalmazza az al\u00e1bbiak szerint:<\/p>\n\n\n\n<ol class=\"wp-block-list\">\n<li>Definici\u00f3k<br>1.1 \u00c1SZF: Jelen \u00c1ltal\u00e1nos Szerz\u0151d\u00e9si Felt\u00e9telek, amelyet a Szolg\u00e1ltat\u00f3nak jog\u00e1ban<br>\u00e1ll egyoldal\u00faan m\u00f3dos\u00edtani azzal, hogy a m\u00f3dos\u00edt\u00e1st k\u00f6teles halad\u00e9ktalanul<br>a The Challenge Game Kft. weboldal\u00e1n k\u00f6zz\u00e9tenni<br>1.2 Szolg\u00e1ltat\u00f3 vagy \u00dczemeltet\u0151: The Challenge Game Kft. (sz\u00e9khely: 9094<br>T\u00e1pszentmikl\u00f3s F\u0151 utca 38, Cg.:08-09-036175, ad\u00f3sz\u00e1m: 32391404-2-08)<br>1.3 Vend\u00e9g: A szolg\u00e1ltat\u00e1s ig\u00e9nybe vev\u0151je. Lehet minden kis- \u00e9s nagykor\u00fa magyar<br>\u00e9s k\u00fclf\u00f6ldi \u00e1llampolg\u00e1r, nagykor\u00fa k\u00eds\u00e9ret\u00e9vel 14. \u00e9let\u00e9v\u00e9t be nem t\u00f6lt\u00f6tt<br>magyar \u00e9s k\u00fclf\u00f6ldi \u00e1llampolg\u00e1r, valamint magyar vagy k\u00fclf\u00f6ldi jogi szem\u00e9ly.<br>1.4 Felek: Szolg\u00e1ltat\u00f3\/\u00dczemeltet\u0151 \u00e9s a Vend\u00e9g egy\u00fctt<br>1.5 J\u00e1t\u00e9kt\u00e9r\/\u00fczlet<br>1.6 Port\u00e1l: a www.thechallene.hu weboldal<br>1.7 A szolg\u00e1ltat\u00e1s ig\u00e9nybev\u00e9tel\u00e9nek el\u0151felt\u00e9tele az el\u0151re foglal\u00e1s.<br>1.8 A szolg\u00e1ltat\u00e1s helysz\u00edne: 1085 Budapest M\u00e1ria utca 36.<br>1.9 A jegy az adott szint\u0171 p\u00e1lyacsomag(ok)ra \u00e9rv\u00e9nyes.<br>1.10 Csapat\u00e9p\u00edt\u00e9s, c\u00e9ges csapat\u00e9p\u00edt\u0151k, rendezv\u00e9nyek, leg\u00e9nyb\u00facs\u00fak, le\u00e1nyb\u00facs\u00fak<br>sz\u00fclet\u00e9snapok, oszt\u00e1lykir\u00e1ndul\u00e1sok\u2026 stb.<br>1.11 Fizet\u00e9s: a helysz\u00ednen k\u00e9szp\u00e9nzben, bankk\u00e1rty\u00e1val, online fizet\u00e9s OTP Simple<br>online fizet\u00e9si rendszeren kereszt\u00fcl.<br>1.12 Eseti kedvezm\u00e9ny: mint pl. nyerem\u00e9nyj\u00e1t\u00e9kok, akci\u00f3k\u2026 stb.<\/li>\n\n\n\n<li>R\u00e9szv\u00e9teli felt\u00e9telek<br>(1) A J\u00e1t\u00e9kt\u00e9r l\u00e1togat\u00e1s\u00e1t mindenki kiz\u00e1r\u00f3lag saj\u00e1t felel\u0151ss\u00e9g\u00e9re teszi.<br>(2) 14. \u00e9let\u00e9v\u00e9t be nem t\u00f6lt\u00f6tt szem\u00e9ly kiz\u00e1r\u00f3lag nagykor\u00fa k\u00eds\u00e9r\u0151vel tehet l\u00e1togat\u00e1st.<br>(3) Sz\u00fcl\u0151i fel\u00fcgyelet n\u00e9lk\u00fcl nem tudunk felel\u0151ss\u00e9get v\u00e1llalni a gyermekek\u00e9rt.<br>(4) A j\u00e1t\u00e9kteret alkohol vagy egy\u00e9b tudatm\u00f3dos\u00edt\u00f3 szer hat\u00e1sa alatt \u00e1ll\u00f3 szem\u00e9ly nem<br>haszn\u00e1lhatja, a szolg\u00e1ltat\u00e1sb\u00f3l kiz\u00e1rhat\u00f3.<br>(5) Minden technikai, m\u0171szaki, haszn\u00e1lati berendez\u00e9s az szolg\u00e1ltat\u00f3 tulajdon\u00e1t k\u00e9pezi, \u00edgy<br>k\u00e1rokoz\u00e1s eset\u00e9n a k\u00e1r megt\u00e9r\u00edt\u00e9s\u00e9t a vend\u00e9gre h\u00e1r\u00edtja.<br>(6) Az \u00fczletben elhelyezett \u00e9s elveszett \u00e9rt\u00e9kt\u00e1rgyak\u00e9rt (kab\u00e1t, t\u00e1ska, p\u00e9nzt\u00e1rca stb.) nem<br>v\u00e1llalunk felel\u0151ss\u00e9get.<\/li>\n\n\n\n<li>A j\u00e1t\u00e9kt\u00e9r haszn\u00e1lata (A szolg\u00e1ltat\u00e1s rendeltet\u00e9sszer\u0171 haszn\u00e1lata)<br>(1) A j\u00e1t\u00e9k teret csak saj\u00e1t felel\u0151ss\u00e9gre lehet haszn\u00e1lni.<br>(2) A j\u00e1t\u00e9k teret csak lapos talp\u00fa cip\u0151ben enged\u00e9lyezett haszn\u00e1lni, magassark\u00fa vagy<br>szegecses talp\u00fa cip\u0151 nem enged\u00e9lyezett!<br>(3) A j\u00e1t\u00e9kteret aj\u00e1nlott olyan ruh\u00e1zatban haszn\u00e1lni amely a mogz\u00e1sban nem korl\u00e1tozza<br>visel\u0151j\u00e9t.<br>(4) A vend\u00e9g k\u00f6teles a megfelel\u0151 ruh\u00e1zatot \u00e9s l\u00e1bbelit saj\u00e1t mag\u00e1nak biztos\u00edtani.<br>(5) A vend\u00e9g k\u00f6teles a szolg\u00e1ltat\u00f3 \u00e1ltal biztos\u00edtott ter\u00fcleten az alapvet\u0151 viselked\u00e9si<br>norm\u00e1kat betartani.<br>(6) Nem rendeltet\u00e9sszer\u0171 haszn\u00e1lat sor\u00e1n keletkezett s\u00e9r\u00fcl\u00e9s eset\u00e9n az \u00fczemeltet\u0151<br>felel\u0151ss\u00e9get nem v\u00e1llal.<br>(7) A l\u00e9pcs\u0151ket a vend\u00e9g k\u00f6teles rendeltet\u00e9sszer\u0171en haszn\u00e1lni.<br>(8) A \u00fczlet eg\u00e9sz ter\u00fclet\u00e9n tilos, doh\u00e1nyz\u00e1s \u00e9s doh\u00e1nyz\u00e1s imit\u00e1l\u00f3 eszk\u00f6z haszn\u00e1lata.<\/li>\n\n\n\n<li>\u00c1szf elfogad\u00e1sa<br>A vend\u00e9g az \u00fczlet ter\u00fclet\u00e9re val\u00f3 bel\u00e9p\u00e9ssel elfogadja a Szolg\u00e1ltat\u00f3 \u00c1ltal\u00e1nos Szerz\u0151d\u00e9si<br>Felt\u00e9teleit.<\/li>\n\n\n\n<li>Ir\u00e1nyad\u00f3 Jog \u00e9rv\u00e9nyes\u00edt\u00e9s<br>A jelen \u00c1SZF-re az \u00fczlet helye szerinti jog az ir\u00e1nyad\u00f3. Felek meg\u00e1llapodnak abban, hogy<br>a k\u00f6z\u00f6tt\u00fck felmer\u00fclt vit\u00e1s k\u00e9rd\u00e9seket megk\u00eds\u00e9rlik b\u00e9k\u00e9s \u00faton rendezni. Amennyiben a vita<br>b\u00e9k\u00e9s \u00faton t\u00f6rt\u00e9n\u0151 rendez\u00e9se nem vezet eredm\u00e9nyre, \u00fagy a felmer\u00fcl\u0151 jogvit\u00e1ik<br>tekintet\u00e9ben Felek kik\u00f6tik az \u00fczlet helye szerinti b\u00edr\u00f3s\u00e1g illet\u00e9kess\u00e9g\u00e9t.<\/li>\n\n\n\n<li>Haszn\u00e1lati nyelv<br>A \u00c1SZF magyar nyelven k\u00e9sz\u00fclt.<\/li>\n\n\n\n<li>Hat\u00e1ly<br>Jelen \u00c1SZF 2024 08 22. napj\u00e1t\u00f3l hat\u00e1lyos.<\/li>\n<\/ol>","protected":false},"excerpt":{"rendered":"<p>Az \u00c1ltal\u00e1nos Szerz\u0151d\u00e9si Felt\u00e9teleinketA jelen \u00c1ltal\u00e1nos Szerz\u0151d\u00e9si Felt\u00e9telek a The Challenge Game Kft. (sz\u00e9khely: 9094T\u00e1pszentmikl\u00f3s F\u0151 utca 38, Cg.:08-09-036175, ad\u00f3sz\u00e1m:&#8230;<\/p>","protected":false},"author":2,"featured_media":0,"parent":0,"menu_order":0,"comment_status":"closed","ping_status":"closed","template":"","meta":{"_acf_changed":false,"inline_featured_image":false,"_uag_custom_page_level_css":"","ghostkit_customizer_options":"","ghostkit_custom_css":"","ghostkit_custom_js_head":"","ghostkit_custom_js_foot":"","ghostkit_typography":"","_cpl_content_size":"","_cpl_sidebar":"","_cpl_disabled_page_elements":[],"_cpl_disabled_page_margins":[],"footnotes":""},"class_list":["post-421","page","type-page","status-publish","hentry"],"acf":[],"yoast_head":"<!-- This site is optimized with the Yoast SEO plugin v27.3 - https:\/\/yoast.com\/product\/yoast-seo-wordpress\/ -->\n<title>\u00c1SZF - The Challenge<\/title>\n<meta name=\"robots\" content=\"index, follow, max-snippet:-1, max-image-preview:large, max-video-preview:-1\" \/>\n<link rel=\"canonical\" href=\"https:\/\/www.thechallenge.hu\/en\/aszf\/\" \/>\n<meta property=\"og:locale\" content=\"en_US\" \/>\n<meta property=\"og:type\" content=\"article\" \/>\n<meta property=\"og:title\" content=\"\u00c1SZF - The Challenge\" \/>\n<meta property=\"og:description\" content=\"Az \u00c1ltal\u00e1nos Szerz\u0151d\u00e9si Felt\u00e9teleinketA jelen \u00c1ltal\u00e1nos Szerz\u0151d\u00e9si Felt\u00e9telek a The Challenge Game Kft. (sz\u00e9khely: 9094T\u00e1pszentmikl\u00f3s F\u0151 utca 38, Cg.:08-09-036175, ad\u00f3sz\u00e1m:...\" \/>\n<meta property=\"og:url\" content=\"https:\/\/www.thechallenge.hu\/en\/aszf\/\" \/>\n<meta property=\"og:site_name\" content=\"The Challenge\" \/>\n<meta property=\"article:publisher\" content=\"https:\/\/www.facebook.com\/profile.php?id=61551761114842\" \/>\n<meta property=\"article:modified_time\" content=\"2024-10-05T12:39:43+00:00\" \/>\n<meta name=\"twitter:card\" content=\"summary_large_image\" \/>\n<meta name=\"twitter:label1\" content=\"Est. reading time\" \/>\n\t<meta name=\"twitter:data1\" content=\"3 minutes\" \/>\n<script type=\"application\/ld+json\" class=\"yoast-schema-graph\">{\"@context\":\"https:\\\/\\\/schema.org\",\"@graph\":[{\"@type\":\"WebPage\",\"@id\":\"https:\\\/\\\/www.thechallenge.hu\\\/aszf\\\/\",\"url\":\"https:\\\/\\\/www.thechallenge.hu\\\/aszf\\\/\",\"name\":\"\u00c1SZF - The Challenge\",\"isPartOf\":{\"@id\":\"https:\\\/\\\/www.thechallenge.hu\\\/#website\"},\"datePublished\":\"2024-08-22T15:21:07+00:00\",\"dateModified\":\"2024-10-05T12:39:43+00:00\",\"breadcrumb\":{\"@id\":\"https:\\\/\\\/www.thechallenge.hu\\\/aszf\\\/#breadcrumb\"},\"inLanguage\":\"en-US\",\"potentialAction\":[{\"@type\":\"ReadAction\",\"target\":[\"https:\\\/\\\/www.thechallenge.hu\\\/aszf\\\/\"]}]},{\"@type\":\"BreadcrumbList\",\"@id\":\"https:\\\/\\\/www.thechallenge.hu\\\/aszf\\\/#breadcrumb\",\"itemListElement\":[{\"@type\":\"ListItem\",\"position\":1,\"name\":\"Home\",\"item\":\"https:\\\/\\\/www.thechallenge.hu\\\/\"},{\"@type\":\"ListItem\",\"position\":2,\"name\":\"\u00c1SZF\"}]},{\"@type\":\"WebSite\",\"@id\":\"https:\\\/\\\/www.thechallenge.hu\\\/#website\",\"url\":\"https:\\\/\\\/www.thechallenge.hu\\\/\",\"name\":\"The Challenge\",\"description\":\"The Challenge\",\"publisher\":{\"@id\":\"https:\\\/\\\/www.thechallenge.hu\\\/#organization\"},\"potentialAction\":[{\"@type\":\"SearchAction\",\"target\":{\"@type\":\"EntryPoint\",\"urlTemplate\":\"https:\\\/\\\/www.thechallenge.hu\\\/?s={search_term_string}\"},\"query-input\":{\"@type\":\"PropertyValueSpecification\",\"valueRequired\":true,\"valueName\":\"search_term_string\"}}],\"inLanguage\":\"en-US\"},{\"@type\":\"Organization\",\"@id\":\"https:\\\/\\\/www.thechallenge.hu\\\/#organization\",\"name\":\"The Challenge\",\"url\":\"https:\\\/\\\/www.thechallenge.hu\\\/\",\"logo\":{\"@type\":\"ImageObject\",\"inLanguage\":\"en-US\",\"@id\":\"https:\\\/\\\/www.thechallenge.hu\\\/#\\\/schema\\\/logo\\\/image\\\/\",\"url\":\"https:\\\/\\\/www.thechallenge.hu\\\/wp-content\\\/uploads\\\/2024\\\/05\\\/3D_cube_logo_colored.png\",\"contentUrl\":\"https:\\\/\\\/www.thechallenge.hu\\\/wp-content\\\/uploads\\\/2024\\\/05\\\/3D_cube_logo_colored.png\",\"width\":232,\"height\":257,\"caption\":\"The Challenge\"},\"image\":{\"@id\":\"https:\\\/\\\/www.thechallenge.hu\\\/#\\\/schema\\\/logo\\\/image\\\/\"},\"sameAs\":[\"https:\\\/\\\/www.facebook.com\\\/profile.php?id=61551761114842\",\"https:\\\/\\\/www.tiktok.com\\\/@thechallengegame\",\"https:\\\/\\\/www.instagram.com\\\/thechallengebudapest\",\"https:\\\/\\\/www.youtube.com\\\/@thechallengebudapest\"]}]}<\/script>\n<!-- \/ Yoast SEO plugin. -->","yoast_head_json":{"title":"\u00c1SZF - The Challenge","robots":{"index":"index","follow":"follow","max-snippet":"max-snippet:-1","max-image-preview":"max-image-preview:large","max-video-preview":"max-video-preview:-1"},"canonical":"https:\/\/www.thechallenge.hu\/en\/aszf\/","og_locale":"en_US","og_type":"article","og_title":"\u00c1SZF - The Challenge","og_description":"Az \u00c1ltal\u00e1nos Szerz\u0151d\u00e9si Felt\u00e9teleinketA jelen \u00c1ltal\u00e1nos Szerz\u0151d\u00e9si Felt\u00e9telek a The Challenge Game Kft. (sz\u00e9khely: 9094T\u00e1pszentmikl\u00f3s F\u0151 utca 38, Cg.:08-09-036175, ad\u00f3sz\u00e1m:...","og_url":"https:\/\/www.thechallenge.hu\/en\/aszf\/","og_site_name":"The Challenge","article_publisher":"https:\/\/www.facebook.com\/profile.php?id=61551761114842","article_modified_time":"2024-10-05T12:39:43+00:00","twitter_card":"summary_large_image","twitter_misc":{"Est. reading time":"3 minutes"},"schema":{"@context":"https:\/\/schema.org","@graph":[{"@type":"WebPage","@id":"https:\/\/www.thechallenge.hu\/aszf\/","url":"https:\/\/www.thechallenge.hu\/aszf\/","name":"\u00c1SZF - The Challenge","isPartOf":{"@id":"https:\/\/www.thechallenge.hu\/#website"},"datePublished":"2024-08-22T15:21:07+00:00","dateModified":"2024-10-05T12:39:43+00:00","breadcrumb":{"@id":"https:\/\/www.thechallenge.hu\/aszf\/#breadcrumb"},"inLanguage":"en-US","potentialAction":[{"@type":"ReadAction","target":["https:\/\/www.thechallenge.hu\/aszf\/"]}]},{"@type":"BreadcrumbList","@id":"https:\/\/www.thechallenge.hu\/aszf\/#breadcrumb","itemListElement":[{"@type":"ListItem","position":1,"name":"Home","item":"https:\/\/www.thechallenge.hu\/"},{"@type":"ListItem","position":2,"name":"\u00c1SZF"}]},{"@type":"WebSite","@id":"https:\/\/www.thechallenge.hu\/#website","url":"https:\/\/www.thechallenge.hu\/","name":"The Challenge","description":"The Challenge","publisher":{"@id":"https:\/\/www.thechallenge.hu\/#organization"},"potentialAction":[{"@type":"SearchAction","target":{"@type":"EntryPoint","urlTemplate":"https:\/\/www.thechallenge.hu\/?s={search_term_string}"},"query-input":{"@type":"PropertyValueSpecification","valueRequired":true,"valueName":"search_term_string"}}],"inLanguage":"en-US"},{"@type":"Organization","@id":"https:\/\/www.thechallenge.hu\/#organization","name":"The Challenge","url":"https:\/\/www.thechallenge.hu\/","logo":{"@type":"ImageObject","inLanguage":"en-US","@id":"https:\/\/www.thechallenge.hu\/#\/schema\/logo\/image\/","url":"https:\/\/www.thechallenge.hu\/wp-content\/uploads\/2024\/05\/3D_cube_logo_colored.png","contentUrl":"https:\/\/www.thechallenge.hu\/wp-content\/uploads\/2024\/05\/3D_cube_logo_colored.png","width":232,"height":257,"caption":"The Challenge"},"image":{"@id":"https:\/\/www.thechallenge.hu\/#\/schema\/logo\/image\/"},"sameAs":["https:\/\/www.facebook.com\/profile.php?id=61551761114842","https:\/\/www.tiktok.com\/@thechallengegame","https:\/\/www.instagram.com\/thechallengebudapest","https:\/\/www.youtube.com\/@thechallengebudapest"]}]}},"uagb_featured_image_src":{"full":false,"thumbnail":false,"medium":false,"medium_large":false,"large":false,"1536x1536":false,"2048x2048":false,"trp-custom-language-flag":false,"cpl_3840x3840":false,"cpl_2560x2560":false,"cpl_1920x1920":false,"cpl_1280x1280":false,"cpl_600x600_crop":false,"cpl_600x600":false,"cpl_300x300_crop":false,"cpl_300x300":false,"cpl_48x48_crop":false,"cpl_48x48":false},"uagb_author_info":{"display_name":"Mih\u00e1ly Hollo","author_link":"https:\/\/www.thechallenge.hu\/en\/author\/misi\/"},"uagb_comment_info":0,"uagb_excerpt":"Az \u00c1ltal\u00e1nos Szerz\u0151d\u00e9si Felt\u00e9teleinketA jelen \u00c1ltal\u00e1nos Szerz\u0151d\u00e9si Felt\u00e9telek a The Challenge Game Kft. (sz\u00e9khely: 9094T\u00e1pszentmikl\u00f3s F\u0151 utca 38, Cg.:08-09-036175, ad\u00f3sz\u00e1m:...","_links":{"self":[{"href":"https:\/\/www.thechallenge.hu\/en\/wp-json\/wp\/v2\/pages\/421","targetHints":{"allow":["GET"]}}],"collection":[{"href":"https:\/\/www.thechallenge.hu\/en\/wp-json\/wp\/v2\/pages"}],"about":[{"href":"https:\/\/www.thechallenge.hu\/en\/wp-json\/wp\/v2\/types\/page"}],"author":[{"embeddable":true,"href":"https:\/\/www.thechallenge.hu\/en\/wp-json\/wp\/v2\/users\/2"}],"replies":[{"embeddable":true,"href":"https:\/\/www.thechallenge.hu\/en\/wp-json\/wp\/v2\/comments?post=421"}],"version-history":[{"count":2,"href":"https:\/\/www.thechallenge.hu\/en\/wp-json\/wp\/v2\/pages\/421\/revisions"}],"predecessor-version":[{"id":927,"href":"https:\/\/www.thechallenge.hu\/en\/wp-json\/wp\/v2\/pages\/421\/revisions\/927"}],"wp:attachment":[{"href":"https:\/\/www.thechallenge.hu\/en\/wp-json\/wp\/v2\/media?parent=421"}],"curies":[{"name":"wp","href":"https:\/\/api.w.org\/{rel}","templated":true}]}}