{"id":423,"date":"2024-08-22T15:22:35","date_gmt":"2024-08-22T15:22:35","guid":{"rendered":"https:\/\/www.thechallenge.hu\/?page_id=423"},"modified":"2024-08-22T15:22:36","modified_gmt":"2024-08-22T15:22:36","slug":"impresszum","status":"publish","type":"page","link":"https:\/\/www.thechallenge.hu\/en\/impresszum\/","title":{"rendered":"Impressum"},"content":{"rendered":"<p>V\u00e1llalkoz\u00e1s adatai:<br>C\u00e9gn\u00e9v: The Challenge Game Kft<br>Sz\u00e9khely: 9094 T\u00e1pszentmikl\u00f3s F\u0151 utca 38.<br>Postac\u00edm: 9094 T\u00e1pszentmikl\u00f3s F\u0151 utca 38.<br>Ad\u00f3sz\u00e1m: 32391404-2-08<br>K\u00f6z\u00f6ss\u00e9gi Ad\u00f3sz\u00e1m: HU32391404<br>C\u00e9g jegyz\u00e9k szam: 08-09-036175<br>Telefonsz\u00e1m: +36\/30 534 7004<br>Banksz\u00e1mlasz\u00e1m: 11794015-21451401 OTP Bank Nyrt. (1051 Budapest, N\u00e1dor utca 16.<br>Tel.: 06-1-473-5000, Fax: 06-1-473-5955)<br>Email: info@thechallenge.hu<br>T\u00e1rhelyszolg\u00e1ltat\u00f3 adatai:<br>C\u00e9gn\u00e9v: T\u00e1rhely.Eu Szolg\u00e1ltat\u00f3 Kft.<br>C\u00edm: 1097 Budapest, K\u00f6nyves K\u00e1lm\u00e1n k\u00f6r\u00fat 12-14.<br>Weboldal: www.tarhely.eu<\/p>","protected":false},"excerpt":{"rendered":"<p>V\u00e1llalkoz\u00e1s adatai:C\u00e9gn\u00e9v: The Challenge Game KftSz\u00e9khely: 9094 T\u00e1pszentmikl\u00f3s F\u0151 utca 38.Postac\u00edm: 9094 T\u00e1pszentmikl\u00f3s F\u0151 utca 38.Ad\u00f3sz\u00e1m: 32391404-2-08K\u00f6z\u00f6ss\u00e9gi Ad\u00f3sz\u00e1m: HU32391404C\u00e9g jegyz\u00e9k&#8230;<\/p>","protected":false},"author":2,"featured_media":0,"parent":0,"menu_order":0,"comment_status":"closed","ping_status":"closed","template":"","meta":{"_acf_changed":false,"inline_featured_image":false,"_uag_custom_page_level_css":"","ghostkit_customizer_options":"","ghostkit_custom_css":"","ghostkit_custom_js_head":"","ghostkit_custom_js_foot":"","ghostkit_typography":"","_cpl_content_size":"","_cpl_sidebar":"","_cpl_disabled_page_elements":[],"_cpl_disabled_page_margins":[],"footnotes":""},"class_list":["post-423","page","type-page","status-publish","hentry"],"acf":[],"yoast_head":"<!-- This site is optimized with the Yoast SEO plugin v27.3 - https:\/\/yoast.com\/product\/yoast-seo-wordpress\/ -->\n<title>Impresszum - The Challenge<\/title>\n<meta name=\"robots\" content=\"index, follow, max-snippet:-1, max-image-preview:large, max-video-preview:-1\" \/>\n<link rel=\"canonical\" href=\"https:\/\/www.thechallenge.hu\/en\/impresszum\/\" \/>\n<meta property=\"og:locale\" content=\"en_US\" \/>\n<meta property=\"og:type\" content=\"article\" \/>\n<meta property=\"og:title\" content=\"Impresszum - The Challenge\" \/>\n<meta property=\"og:description\" content=\"V\u00e1llalkoz\u00e1s adatai:C\u00e9gn\u00e9v: The Challenge Game KftSz\u00e9khely: 9094 T\u00e1pszentmikl\u00f3s F\u0151 utca 38.Postac\u00edm: 9094 T\u00e1pszentmikl\u00f3s F\u0151 utca 38.Ad\u00f3sz\u00e1m: 32391404-2-08K\u00f6z\u00f6ss\u00e9gi Ad\u00f3sz\u00e1m: HU32391404C\u00e9g jegyz\u00e9k...\" \/>\n<meta property=\"og:url\" content=\"https:\/\/www.thechallenge.hu\/en\/impresszum\/\" \/>\n<meta property=\"og:site_name\" content=\"The Challenge\" \/>\n<meta property=\"article:publisher\" content=\"https:\/\/www.facebook.com\/profile.php?id=61551761114842\" \/>\n<meta property=\"article:modified_time\" content=\"2024-08-22T15:22:36+00:00\" \/>\n<meta name=\"twitter:card\" content=\"summary_large_image\" \/>\n<meta name=\"twitter:label1\" content=\"Est. reading time\" \/>\n\t<meta name=\"twitter:data1\" content=\"1 minute\" \/>\n<script type=\"application\/ld+json\" class=\"yoast-schema-graph\">{\"@context\":\"https:\\\/\\\/schema.org\",\"@graph\":[{\"@type\":\"WebPage\",\"@id\":\"https:\\\/\\\/www.thechallenge.hu\\\/impresszum\\\/\",\"url\":\"https:\\\/\\\/www.thechallenge.hu\\\/impresszum\\\/\",\"name\":\"Impresszum - The Challenge\",\"isPartOf\":{\"@id\":\"https:\\\/\\\/www.thechallenge.hu\\\/#website\"},\"datePublished\":\"2024-08-22T15:22:35+00:00\",\"dateModified\":\"2024-08-22T15:22:36+00:00\",\"breadcrumb\":{\"@id\":\"https:\\\/\\\/www.thechallenge.hu\\\/impresszum\\\/#breadcrumb\"},\"inLanguage\":\"en-US\",\"potentialAction\":[{\"@type\":\"ReadAction\",\"target\":[\"https:\\\/\\\/www.thechallenge.hu\\\/impresszum\\\/\"]}]},{\"@type\":\"BreadcrumbList\",\"@id\":\"https:\\\/\\\/www.thechallenge.hu\\\/impresszum\\\/#breadcrumb\",\"itemListElement\":[{\"@type\":\"ListItem\",\"position\":1,\"name\":\"Home\",\"item\":\"https:\\\/\\\/www.thechallenge.hu\\\/\"},{\"@type\":\"ListItem\",\"position\":2,\"name\":\"Impresszum\"}]},{\"@type\":\"WebSite\",\"@id\":\"https:\\\/\\\/www.thechallenge.hu\\\/#website\",\"url\":\"https:\\\/\\\/www.thechallenge.hu\\\/\",\"name\":\"The Challenge\",\"description\":\"The Challenge\",\"publisher\":{\"@id\":\"https:\\\/\\\/www.thechallenge.hu\\\/#organization\"},\"potentialAction\":[{\"@type\":\"SearchAction\",\"target\":{\"@type\":\"EntryPoint\",\"urlTemplate\":\"https:\\\/\\\/www.thechallenge.hu\\\/?s={search_term_string}\"},\"query-input\":{\"@type\":\"PropertyValueSpecification\",\"valueRequired\":true,\"valueName\":\"search_term_string\"}}],\"inLanguage\":\"en-US\"},{\"@type\":\"Organization\",\"@id\":\"https:\\\/\\\/www.thechallenge.hu\\\/#organization\",\"name\":\"The Challenge\",\"url\":\"https:\\\/\\\/www.thechallenge.hu\\\/\",\"logo\":{\"@type\":\"ImageObject\",\"inLanguage\":\"en-US\",\"@id\":\"https:\\\/\\\/www.thechallenge.hu\\\/#\\\/schema\\\/logo\\\/image\\\/\",\"url\":\"https:\\\/\\\/www.thechallenge.hu\\\/wp-content\\\/uploads\\\/2024\\\/05\\\/3D_cube_logo_colored.png\",\"contentUrl\":\"https:\\\/\\\/www.thechallenge.hu\\\/wp-content\\\/uploads\\\/2024\\\/05\\\/3D_cube_logo_colored.png\",\"width\":232,\"height\":257,\"caption\":\"The Challenge\"},\"image\":{\"@id\":\"https:\\\/\\\/www.thechallenge.hu\\\/#\\\/schema\\\/logo\\\/image\\\/\"},\"sameAs\":[\"https:\\\/\\\/www.facebook.com\\\/profile.php?id=61551761114842\",\"https:\\\/\\\/www.tiktok.com\\\/@thechallengegame\",\"https:\\\/\\\/www.instagram.com\\\/thechallengebudapest\",\"https:\\\/\\\/www.youtube.com\\\/@thechallengebudapest\"]}]}<\/script>\n<!-- \/ Yoast SEO plugin. -->","yoast_head_json":{"title":"Impresszum - The Challenge","robots":{"index":"index","follow":"follow","max-snippet":"max-snippet:-1","max-image-preview":"max-image-preview:large","max-video-preview":"max-video-preview:-1"},"canonical":"https:\/\/www.thechallenge.hu\/en\/impresszum\/","og_locale":"en_US","og_type":"article","og_title":"Impresszum - The Challenge","og_description":"V\u00e1llalkoz\u00e1s adatai:C\u00e9gn\u00e9v: The Challenge Game KftSz\u00e9khely: 9094 T\u00e1pszentmikl\u00f3s F\u0151 utca 38.Postac\u00edm: 9094 T\u00e1pszentmikl\u00f3s F\u0151 utca 38.Ad\u00f3sz\u00e1m: 32391404-2-08K\u00f6z\u00f6ss\u00e9gi Ad\u00f3sz\u00e1m: HU32391404C\u00e9g jegyz\u00e9k...","og_url":"https:\/\/www.thechallenge.hu\/en\/impresszum\/","og_site_name":"The Challenge","article_publisher":"https:\/\/www.facebook.com\/profile.php?id=61551761114842","article_modified_time":"2024-08-22T15:22:36+00:00","twitter_card":"summary_large_image","twitter_misc":{"Est. reading time":"1 minute"},"schema":{"@context":"https:\/\/schema.org","@graph":[{"@type":"WebPage","@id":"https:\/\/www.thechallenge.hu\/impresszum\/","url":"https:\/\/www.thechallenge.hu\/impresszum\/","name":"Impresszum - The Challenge","isPartOf":{"@id":"https:\/\/www.thechallenge.hu\/#website"},"datePublished":"2024-08-22T15:22:35+00:00","dateModified":"2024-08-22T15:22:36+00:00","breadcrumb":{"@id":"https:\/\/www.thechallenge.hu\/impresszum\/#breadcrumb"},"inLanguage":"en-US","potentialAction":[{"@type":"ReadAction","target":["https:\/\/www.thechallenge.hu\/impresszum\/"]}]},{"@type":"BreadcrumbList","@id":"https:\/\/www.thechallenge.hu\/impresszum\/#breadcrumb","itemListElement":[{"@type":"ListItem","position":1,"name":"Home","item":"https:\/\/www.thechallenge.hu\/"},{"@type":"ListItem","position":2,"name":"Impresszum"}]},{"@type":"WebSite","@id":"https:\/\/www.thechallenge.hu\/#website","url":"https:\/\/www.thechallenge.hu\/","name":"The Challenge","description":"The Challenge","publisher":{"@id":"https:\/\/www.thechallenge.hu\/#organization"},"potentialAction":[{"@type":"SearchAction","target":{"@type":"EntryPoint","urlTemplate":"https:\/\/www.thechallenge.hu\/?s={search_term_string}"},"query-input":{"@type":"PropertyValueSpecification","valueRequired":true,"valueName":"search_term_string"}}],"inLanguage":"en-US"},{"@type":"Organization","@id":"https:\/\/www.thechallenge.hu\/#organization","name":"The Challenge","url":"https:\/\/www.thechallenge.hu\/","logo":{"@type":"ImageObject","inLanguage":"en-US","@id":"https:\/\/www.thechallenge.hu\/#\/schema\/logo\/image\/","url":"https:\/\/www.thechallenge.hu\/wp-content\/uploads\/2024\/05\/3D_cube_logo_colored.png","contentUrl":"https:\/\/www.thechallenge.hu\/wp-content\/uploads\/2024\/05\/3D_cube_logo_colored.png","width":232,"height":257,"caption":"The Challenge"},"image":{"@id":"https:\/\/www.thechallenge.hu\/#\/schema\/logo\/image\/"},"sameAs":["https:\/\/www.facebook.com\/profile.php?id=61551761114842","https:\/\/www.tiktok.com\/@thechallengegame","https:\/\/www.instagram.com\/thechallengebudapest","https:\/\/www.youtube.com\/@thechallengebudapest"]}]}},"uagb_featured_image_src":{"full":false,"thumbnail":false,"medium":false,"medium_large":false,"large":false,"1536x1536":false,"2048x2048":false,"trp-custom-language-flag":false,"cpl_3840x3840":false,"cpl_2560x2560":false,"cpl_1920x1920":false,"cpl_1280x1280":false,"cpl_600x600_crop":false,"cpl_600x600":false,"cpl_300x300_crop":false,"cpl_300x300":false,"cpl_48x48_crop":false,"cpl_48x48":false},"uagb_author_info":{"display_name":"Mih\u00e1ly Hollo","author_link":"https:\/\/www.thechallenge.hu\/en\/author\/misi\/"},"uagb_comment_info":0,"uagb_excerpt":"V\u00e1llalkoz\u00e1s adatai:C\u00e9gn\u00e9v: The Challenge Game KftSz\u00e9khely: 9094 T\u00e1pszentmikl\u00f3s F\u0151 utca 38.Postac\u00edm: 9094 T\u00e1pszentmikl\u00f3s F\u0151 utca 38.Ad\u00f3sz\u00e1m: 32391404-2-08K\u00f6z\u00f6ss\u00e9gi Ad\u00f3sz\u00e1m: HU32391404C\u00e9g jegyz\u00e9k...","_links":{"self":[{"href":"https:\/\/www.thechallenge.hu\/en\/wp-json\/wp\/v2\/pages\/423","targetHints":{"allow":["GET"]}}],"collection":[{"href":"https:\/\/www.thechallenge.hu\/en\/wp-json\/wp\/v2\/pages"}],"about":[{"href":"https:\/\/www.thechallenge.hu\/en\/wp-json\/wp\/v2\/types\/page"}],"author":[{"embeddable":true,"href":"https:\/\/www.thechallenge.hu\/en\/wp-json\/wp\/v2\/users\/2"}],"replies":[{"embeddable":true,"href":"https:\/\/www.thechallenge.hu\/en\/wp-json\/wp\/v2\/comments?post=423"}],"version-history":[{"count":1,"href":"https:\/\/www.thechallenge.hu\/en\/wp-json\/wp\/v2\/pages\/423\/revisions"}],"predecessor-version":[{"id":424,"href":"https:\/\/www.thechallenge.hu\/en\/wp-json\/wp\/v2\/pages\/423\/revisions\/424"}],"wp:attachment":[{"href":"https:\/\/www.thechallenge.hu\/en\/wp-json\/wp\/v2\/media?parent=423"}],"curies":[{"name":"wp","href":"https:\/\/api.w.org\/{rel}","templated":true}]}}